{"id":2553,"date":"2022-07-01T09:28:57","date_gmt":"2022-07-01T09:28:57","guid":{"rendered":"https:\/\/amityschools.in\/gwalior\/?page_id=2553"},"modified":"2023-09-26T10:37:49","modified_gmt":"2023-09-26T10:37:49","slug":"indo-finnish-exchange-programme","status":"publish","type":"page","link":"https:\/\/amityschools.in\/gwalior\/indo-finnish-exchange-programme\/","title":{"rendered":"Indo Finnish Exchange Programme"},"content":{"rendered":"\n<p><strong>Date: December 2020-May 2021<\/strong> <\/p>\n\n\n\n<p>Prisha Issar Class VIII participated in the first ever six month long intercultural exchange programme between Amity Group of Schools, India and Schildt High School, Finland organised by Amity Educational Resource Centre to enhance the knowledge of students regarding Parliamentary systems of India and Finland. The programme saw fifteen students from Amity Group of Schools and fourteen students from Schildt High School, Finland, participate<s>d<\/s> in five virtual Indo &#8211; Finnish meets during which they showcased video presentations of their nations, traditional dance forms, music, and art, etc. They heartily shared about life, study and school, families, curriculum, exam pattern, structure of school days and holidays, assessments, assignments, awards, and recognitions, etc., of their respective schools and nations. The programme also saw Mr. Devesh Kumar, Member of Bihar Legislative Council, Mr. Joonas K\u00f6ntt\u00e4, Finnish Member of Parliament and city councillor of Jyv\u00e4skyl\u00e4is and Henna Maria Virkunen, Member of European Parliament, give an insight into their respective parliamentary system to the students.<\/p>\n\n\n<div class='white' style='background:rgba(0,0,0,0); border:solid 0px rgba(0,0,0,0); border-radius:0px; padding:0px 0px 0px 0px;'>\n<div id='slider_2562' class='owl-carousel sa_owl_theme autohide-arrows' data-slider-id='slider_2562' style='visibility:hidden;'>\n<div id='slider_2562_slide01' class='sa_hover_container' style='padding:0% 0%; margin:0px 0%; background-image:url(&quot;https:\/\/amityschools.in\/gwalior\/wp-content\/uploads\/2022\/07\/AIS-Gwalior-Indo-Finnish-Exchange-Programme-1.jpg&quot;); background-position:left top; background-size:100% 100%; background-repeat:no-repeat; '><p>The Finnish delegates presenting a melody on cello<\/p><\/div>\n<div id='slider_2562_slide02' class='sa_hover_container' style='padding:0% 0%; margin:0px 0%; background-image:url(&quot;https:\/\/amityschools.in\/gwalior\/wp-content\/uploads\/2022\/07\/AIS-Gwalior-Indo-Finnish-Exchange-Programme-2.jpg&quot;); background-position:left top; background-size:100% 100%; background-repeat:no-repeat; '><p>Interaction of the delegates with Mr. Devesh Kumar, Member of Bihar Legislative Council<\/p><\/div>\n<div id='slider_2562_slide03' class='sa_hover_container' style='padding:0% 0%; margin:0px 0%; background-image:url(&quot;https:\/\/amityschools.in\/gwalior\/wp-content\/uploads\/2022\/07\/AIS-Gwalior-Indo-Finnish-Exchange-Programme-3.jpg&quot;); background-position:left top; background-size:100% 100%; background-repeat:no-repeat; '><p>Students of the two nations interact with each other<\/p><\/div>\n<div id='slider_2562_slide04' class='sa_hover_container' style='padding:0% 0%; margin:0px 0%; background-image:url(&quot;https:\/\/amityschools.in\/gwalior\/wp-content\/uploads\/2022\/07\/AIS-Gwalior-Indo-Finnish-Exchange-Programme-4.jpg&quot;); background-position:left top; background-size:100% 100%; background-repeat:no-repeat; '><p>The Indian students interview the Finnish students<\/p><\/div>\n<div id='slider_2562_slide05' class='sa_hover_container' style='padding:0% 0%; margin:0px 0%; background-image:url(&quot;https:\/\/amityschools.in\/gwalior\/wp-content\/uploads\/2022\/07\/AIS-Gwalior-Indo-Finnish-Exchange-Programme-5.jpg&quot;); background-position:left top; background-size:100% 100%; background-repeat:no-repeat; '><p>Finnish students and teachers listen with keen interest to their fellow mates<\/p><\/div>\n<div id='slider_2562_slide06' class='sa_hover_container' style='padding:0% 0%; margin:0px 0%; background-image:url(&quot;https:\/\/amityschools.in\/gwalior\/wp-content\/uploads\/2022\/07\/AIS-Gwalior-Indo-Finnish-Exchange-Programme-6.jpg&quot;); background-position:left top; background-size:100% 100%; background-repeat:no-repeat; '><p>Students dancing their hearts to the famous Indian dance form kathak<\/p><\/div>\n<\/div>\n<\/div>\n<script type='text\/javascript'>\n\tdocument.addEventListener('DOMContentLoaded', function() {\n\t\tjQuery('#slider_2562').owlCarousel({\n\t\t\titems : 1,\n\t\t\tsmartSpeed : 200,\n\t\t\tautoplay : true,\n\t\t\tautoplayTimeout : 5000,\n\t\t\tautoplayHoverPause : true,\n\t\t\tsmartSpeed : 200,\n\t\t\tfluidSpeed : 200,\n\t\t\tautoplaySpeed : 200,\n\t\t\tnavSpeed : 200,\n\t\t\tdotsSpeed : 200,\n\t\t\tloop : true,\n\t\t\tnav : true,\n\t\t\tnavText : ['Previous','Next'],\n\t\t\tdots : false,\n\t\t\tresponsiveRefreshRate : 200,\n\t\t\tslideBy : 1,\n\t\t\tmergeFit : true,\n\t\t\tautoHeight : false,\n\t\t\tmouseDrag : false,\n\t\t\ttouchDrag : true\n\t\t});\n\t\tjQuery('#slider_2562').css('visibility', 'visible');\n\t\tsa_resize_slider_2562();\n\t\twindow.addEventListener('resize', sa_resize_slider_2562);\n\t\tfunction sa_resize_slider_2562() {\n\t\t\tvar min_height = '60';\n\t\t\tvar win_width = jQuery(window).width();\n\t\t\tvar slider_width = jQuery('#slider_2562').width();\n\t\t\tif (win_width < 480) {\n\t\t\t\tvar slide_width = slider_width \/ 1;\n\t\t\t} else if (win_width < 768) {\n\t\t\t\tvar slide_width = slider_width \/ 1;\n\t\t\t} else if (win_width < 980) {\n\t\t\t\tvar slide_width = slider_width \/ 1;\n\t\t\t} else if (win_width < 1200) {\n\t\t\t\tvar slide_width = slider_width \/ 1;\n\t\t\t} else if (win_width < 1500) {\n\t\t\t\tvar slide_width = slider_width \/ 1;\n\t\t\t} else {\n\t\t\t\tvar slide_width = slider_width \/ 1;\n\t\t\t}\n\t\t\tslide_width = Math.round(slide_width);\n\t\t\tvar slide_height = '0';\n\t\t\tif (min_height == 'aspect43') {\n\t\t\t\tslide_height = (slide_width \/ 4) * 3;\t\t\t\tslide_height = Math.round(slide_height);\n\t\t\t} else if (min_height == 'aspect169') {\n\t\t\t\tslide_height = (slide_width \/ 16) * 9;\t\t\t\tslide_height = Math.round(slide_height);\n\t\t\t} else {\n\t\t\t\tslide_height = (slide_width \/ 100) * min_height;\t\t\t\tslide_height = Math.round(slide_height);\n\t\t\t}\n\t\t\tjQuery('#slider_2562 .owl-item .sa_hover_container').css('min-height', slide_height+'px');\n\t\t}\n\t\tvar owl_goto = jQuery('#slider_2562');\n\t\tjQuery('.slider_2562_goto1').click(function(event){\n\t\t\towl_goto.trigger('to.owl.carousel', 0);\n\t\t});\n\t\tjQuery('.slider_2562_goto2').click(function(event){\n\t\t\towl_goto.trigger('to.owl.carousel', 1);\n\t\t});\n\t\tjQuery('.slider_2562_goto3').click(function(event){\n\t\t\towl_goto.trigger('to.owl.carousel', 2);\n\t\t});\n\t\tjQuery('.slider_2562_goto4').click(function(event){\n\t\t\towl_goto.trigger('to.owl.carousel', 3);\n\t\t});\n\t\tjQuery('.slider_2562_goto5').click(function(event){\n\t\t\towl_goto.trigger('to.owl.carousel', 4);\n\t\t});\n\t\tjQuery('.slider_2562_goto6').click(function(event){\n\t\t\towl_goto.trigger('to.owl.carousel', 5);\n\t\t});\n\t\tvar resize_2562 = jQuery('.owl-carousel');\n\t\tresize_2562.on('initialized.owl.carousel', function(e) {\n\t\t\tif (typeof(Event) === 'function') {\n\t\t\t\twindow.dispatchEvent(new Event('resize'));\n\t\t\t} else {\n\t\t\t\tvar evt = window.document.createEvent('UIEvents');\n\t\t\t\tevt.initUIEvent('resize', true, false, window, 0);\n\t\t\t\twindow.dispatchEvent(evt);\n\t\t\t}\n\t\t});\n\t});\n<\/script>\n\n","protected":false},"excerpt":{"rendered":"<p>Date: December 2020-May 2021 Prisha Issar Class VIII participated in the first ever six month long intercultural exchange programme between Amity Group of Schools, India and Schildt High School, Finland organised by Amity Educational Resource Centre to enhance the knowledge of students regarding Parliamentary systems of India and Finland. The programme saw fifteen students from [&hellip;]<\/p>\n","protected":false},"author":2,"featured_media":0,"parent":0,"menu_order":0,"comment_status":"closed","ping_status":"closed","template":"sportsachievment.php","meta":[],"acf":[],"yoast_head":"<!-- This site is optimized with the Yoast SEO plugin v18.4.1 - https:\/\/yoast.com\/wordpress\/plugins\/seo\/ -->\n<title>Indo Finnish Exchange Programme : Amity International School Gwalior<\/title>\n<meta name=\"robots\" content=\"index, follow, max-snippet:-1, max-image-preview:large, max-video-preview:-1\" \/>\n<link rel=\"canonical\" href=\"https:\/\/amityschools.in\/gwalior\/indo-finnish-exchange-programme\/\" \/>\n<meta property=\"og:locale\" content=\"en_US\" \/>\n<meta property=\"og:type\" content=\"article\" \/>\n<meta property=\"og:title\" content=\"Indo Finnish Exchange Programme : Amity International School Gwalior\" \/>\n<meta property=\"og:description\" content=\"Date: December 2020-May 2021 Prisha Issar Class VIII participated in the first ever six month long intercultural exchange programme between Amity Group of Schools, India and Schildt High School, Finland organised by Amity Educational Resource Centre to enhance the knowledge of students regarding Parliamentary systems of India and Finland. The programme saw fifteen students from [&hellip;]\" \/>\n<meta property=\"og:url\" content=\"https:\/\/amityschools.in\/gwalior\/indo-finnish-exchange-programme\/\" \/>\n<meta property=\"article:modified_time\" content=\"2023-09-26T10:37:49+00:00\" \/>\n<meta name=\"twitter:card\" content=\"summary_large_image\" \/>\n<meta name=\"twitter:label1\" content=\"Est. reading time\" \/>\n\t<meta name=\"twitter:data1\" content=\"1 minute\" \/>\n<script type=\"application\/ld+json\" class=\"yoast-schema-graph\">{\"@context\":\"https:\/\/schema.org\",\"@graph\":[{\"@type\":\"WebSite\",\"@id\":\"https:\/\/amityschools.in\/gwalior\/#website\",\"url\":\"https:\/\/amityschools.in\/gwalior\/\",\"name\":\"\",\"description\":\"\",\"potentialAction\":[{\"@type\":\"SearchAction\",\"target\":{\"@type\":\"EntryPoint\",\"urlTemplate\":\"https:\/\/amityschools.in\/gwalior\/?s={search_term_string}\"},\"query-input\":\"required name=search_term_string\"}],\"inLanguage\":\"en-US\"},{\"@type\":\"WebPage\",\"@id\":\"https:\/\/amityschools.in\/gwalior\/indo-finnish-exchange-programme\/#webpage\",\"url\":\"https:\/\/amityschools.in\/gwalior\/indo-finnish-exchange-programme\/\",\"name\":\"Indo Finnish Exchange Programme : Amity International School Gwalior\",\"isPartOf\":{\"@id\":\"https:\/\/amityschools.in\/gwalior\/#website\"},\"datePublished\":\"2022-07-01T09:28:57+00:00\",\"dateModified\":\"2023-09-26T10:37:49+00:00\",\"breadcrumb\":{\"@id\":\"https:\/\/amityschools.in\/gwalior\/indo-finnish-exchange-programme\/#breadcrumb\"},\"inLanguage\":\"en-US\",\"potentialAction\":[{\"@type\":\"ReadAction\",\"target\":[\"https:\/\/amityschools.in\/gwalior\/indo-finnish-exchange-programme\/\"]}]},{\"@type\":\"BreadcrumbList\",\"@id\":\"https:\/\/amityschools.in\/gwalior\/indo-finnish-exchange-programme\/#breadcrumb\",\"itemListElement\":[{\"@type\":\"ListItem\",\"position\":1,\"name\":\"Home\",\"item\":\"https:\/\/amityschools.in\/gwalior\/\"},{\"@type\":\"ListItem\",\"position\":2,\"name\":\"Indo Finnish Exchange Programme\"}]}]}<\/script>\n<!-- \/ Yoast SEO plugin. -->","yoast_head_json":{"title":"Indo Finnish Exchange Programme : Amity International School Gwalior","robots":{"index":"index","follow":"follow","max-snippet":"max-snippet:-1","max-image-preview":"max-image-preview:large","max-video-preview":"max-video-preview:-1"},"canonical":"https:\/\/amityschools.in\/gwalior\/indo-finnish-exchange-programme\/","og_locale":"en_US","og_type":"article","og_title":"Indo Finnish Exchange Programme : Amity International School Gwalior","og_description":"Date: December 2020-May 2021 Prisha Issar Class VIII participated in the first ever six month long intercultural exchange programme between Amity Group of Schools, India and Schildt High School, Finland organised by Amity Educational Resource Centre to enhance the knowledge of students regarding Parliamentary systems of India and Finland. The programme saw fifteen students from [&hellip;]","og_url":"https:\/\/amityschools.in\/gwalior\/indo-finnish-exchange-programme\/","article_modified_time":"2023-09-26T10:37:49+00:00","twitter_card":"summary_large_image","twitter_misc":{"Est. reading time":"1 minute"},"schema":{"@context":"https:\/\/schema.org","@graph":[{"@type":"WebSite","@id":"https:\/\/amityschools.in\/gwalior\/#website","url":"https:\/\/amityschools.in\/gwalior\/","name":"","description":"","potentialAction":[{"@type":"SearchAction","target":{"@type":"EntryPoint","urlTemplate":"https:\/\/amityschools.in\/gwalior\/?s={search_term_string}"},"query-input":"required name=search_term_string"}],"inLanguage":"en-US"},{"@type":"WebPage","@id":"https:\/\/amityschools.in\/gwalior\/indo-finnish-exchange-programme\/#webpage","url":"https:\/\/amityschools.in\/gwalior\/indo-finnish-exchange-programme\/","name":"Indo Finnish Exchange Programme : Amity International School Gwalior","isPartOf":{"@id":"https:\/\/amityschools.in\/gwalior\/#website"},"datePublished":"2022-07-01T09:28:57+00:00","dateModified":"2023-09-26T10:37:49+00:00","breadcrumb":{"@id":"https:\/\/amityschools.in\/gwalior\/indo-finnish-exchange-programme\/#breadcrumb"},"inLanguage":"en-US","potentialAction":[{"@type":"ReadAction","target":["https:\/\/amityschools.in\/gwalior\/indo-finnish-exchange-programme\/"]}]},{"@type":"BreadcrumbList","@id":"https:\/\/amityschools.in\/gwalior\/indo-finnish-exchange-programme\/#breadcrumb","itemListElement":[{"@type":"ListItem","position":1,"name":"Home","item":"https:\/\/amityschools.in\/gwalior\/"},{"@type":"ListItem","position":2,"name":"Indo Finnish Exchange Programme"}]}]}},"_links":{"self":[{"href":"https:\/\/amityschools.in\/gwalior\/wp-json\/wp\/v2\/pages\/2553"}],"collection":[{"href":"https:\/\/amityschools.in\/gwalior\/wp-json\/wp\/v2\/pages"}],"about":[{"href":"https:\/\/amityschools.in\/gwalior\/wp-json\/wp\/v2\/types\/page"}],"author":[{"embeddable":true,"href":"https:\/\/amityschools.in\/gwalior\/wp-json\/wp\/v2\/users\/2"}],"replies":[{"embeddable":true,"href":"https:\/\/amityschools.in\/gwalior\/wp-json\/wp\/v2\/comments?post=2553"}],"version-history":[{"count":2,"href":"https:\/\/amityschools.in\/gwalior\/wp-json\/wp\/v2\/pages\/2553\/revisions"}],"predecessor-version":[{"id":2563,"href":"https:\/\/amityschools.in\/gwalior\/wp-json\/wp\/v2\/pages\/2553\/revisions\/2563"}],"wp:attachment":[{"href":"https:\/\/amityschools.in\/gwalior\/wp-json\/wp\/v2\/media?parent=2553"}],"curies":[{"name":"wp","href":"https:\/\/api.w.org\/{rel}","templated":true}]}}