{"id":24702,"date":"2022-07-05T05:01:40","date_gmt":"2022-07-05T05:01:40","guid":{"rendered":"https:\/\/amityschools.in\/mayurvihar\/?page_id=24702"},"modified":"2022-07-05T05:01:45","modified_gmt":"2022-07-05T05:01:45","slug":"indo-finnish-exchange-programme","status":"publish","type":"page","link":"https:\/\/amityschools.in\/mayurvihar\/indo-finnish-exchange-programme\/","title":{"rendered":"Indo Finnish Exchange Programme"},"content":{"rendered":"\n<p><strong>Date: December 2020-May 2021<\/strong><\/p>\n\n\n\n<p>Vriinda Sethi and Saarthak Sharma of Class XII, participated in the first ever six month long intercultural exchange programme between Amity Group of Schools, India and Schildt High School, Finland organised by Amity Educational Resource Centre to enhance the knowledge of students regarding Parliamentary systems of India and Finland.\u00a0 The programme saw fifteen students from Amity Group of Schools and 14 students from Schildt High School, Finland, participate<s>d<\/s> in five virtual Indo &#8211; Finnish meets during which they showcased video presentations of their nations, traditional dance forms, music, and art, etc. They heartily shared about life, study and school, families, curriculum, exam pattern, structure of school days and holidays, assessments, assignments, awards and recognitions, etc of their respective schools and nations. The programme also saw Mr. Devesh Kumar, Member of Bihar Legislative Council, Mr. Joonas K\u00f6ntt\u00e4, Finnish Member of Parliament and city councillor of Jyv\u00e4skyl\u00e4is and Henna Maria Virkunen, Member of European Parliament, give an insight into their respective parliamentary system to the students.<\/p>\n\n\n\n<figure class=\"wp-container-2 wp-block-gallery-1 wp-block-gallery columns-2 is-cropped\"><ul class=\"blocks-gallery-grid\"><li class=\"blocks-gallery-item\"><figure><a href=\"https:\/\/amityschools.in\/mayurvihar\/wp-content\/uploads\/2022\/07\/aismv_001.jpg\"><img loading=\"lazy\" width=\"1000\" height=\"667\" src=\"https:\/\/amityschools.in\/mayurvihar\/wp-content\/uploads\/2022\/07\/aismv_001.jpg\" alt=\"\" data-id=\"24703\" data-full-url=\"https:\/\/amityschools.in\/mayurvihar\/wp-content\/uploads\/2022\/07\/aismv_001.jpg\" data-link=\"https:\/\/amityschools.in\/mayurvihar\/?attachment_id=24703\" class=\"wp-image-24703\" srcset=\"https:\/\/amityschools.in\/mayurvihar\/wp-content\/uploads\/2022\/07\/aismv_001.jpg 1000w, https:\/\/amityschools.in\/mayurvihar\/wp-content\/uploads\/2022\/07\/aismv_001-300x200.jpg 300w, https:\/\/amityschools.in\/mayurvihar\/wp-content\/uploads\/2022\/07\/aismv_001-768x512.jpg 768w\" sizes=\"(max-width: 1000px) 100vw, 1000px\" \/><\/a><figcaption class=\"blocks-gallery-item__caption\">The finnish delegates presenting a melody on cello<\/figcaption><\/figure><\/li><li class=\"blocks-gallery-item\"><figure><a href=\"https:\/\/amityschools.in\/mayurvihar\/wp-content\/uploads\/2022\/07\/aismv_002.jpg\"><img loading=\"lazy\" width=\"1000\" height=\"667\" src=\"https:\/\/amityschools.in\/mayurvihar\/wp-content\/uploads\/2022\/07\/aismv_002.jpg\" alt=\"\" data-id=\"24704\" data-full-url=\"https:\/\/amityschools.in\/mayurvihar\/wp-content\/uploads\/2022\/07\/aismv_002.jpg\" data-link=\"https:\/\/amityschools.in\/mayurvihar\/?attachment_id=24704\" class=\"wp-image-24704\" srcset=\"https:\/\/amityschools.in\/mayurvihar\/wp-content\/uploads\/2022\/07\/aismv_002.jpg 1000w, https:\/\/amityschools.in\/mayurvihar\/wp-content\/uploads\/2022\/07\/aismv_002-300x200.jpg 300w, https:\/\/amityschools.in\/mayurvihar\/wp-content\/uploads\/2022\/07\/aismv_002-768x512.jpg 768w\" sizes=\"(max-width: 1000px) 100vw, 1000px\" \/><\/a><figcaption class=\"blocks-gallery-item__caption\">Interaction of the delegates with Mr. Devesh Kumar, Member of Bihar Legislative Council<\/figcaption><\/figure><\/li><li class=\"blocks-gallery-item\"><figure><a href=\"https:\/\/amityschools.in\/mayurvihar\/wp-content\/uploads\/2022\/07\/aismv_003.jpg\"><img loading=\"lazy\" width=\"1000\" height=\"667\" src=\"https:\/\/amityschools.in\/mayurvihar\/wp-content\/uploads\/2022\/07\/aismv_003.jpg\" alt=\"\" data-id=\"24705\" data-full-url=\"https:\/\/amityschools.in\/mayurvihar\/wp-content\/uploads\/2022\/07\/aismv_003.jpg\" data-link=\"https:\/\/amityschools.in\/mayurvihar\/?attachment_id=24705\" class=\"wp-image-24705\" srcset=\"https:\/\/amityschools.in\/mayurvihar\/wp-content\/uploads\/2022\/07\/aismv_003.jpg 1000w, https:\/\/amityschools.in\/mayurvihar\/wp-content\/uploads\/2022\/07\/aismv_003-300x200.jpg 300w, https:\/\/amityschools.in\/mayurvihar\/wp-content\/uploads\/2022\/07\/aismv_003-768x512.jpg 768w\" sizes=\"(max-width: 1000px) 100vw, 1000px\" \/><\/a><figcaption class=\"blocks-gallery-item__caption\">Students of the two nations interact with each other<\/figcaption><\/figure><\/li><li class=\"blocks-gallery-item\"><figure><a href=\"https:\/\/amityschools.in\/mayurvihar\/wp-content\/uploads\/2022\/07\/aismv_004.jpg\"><img loading=\"lazy\" width=\"1000\" height=\"667\" src=\"https:\/\/amityschools.in\/mayurvihar\/wp-content\/uploads\/2022\/07\/aismv_004.jpg\" alt=\"\" data-id=\"24706\" data-full-url=\"https:\/\/amityschools.in\/mayurvihar\/wp-content\/uploads\/2022\/07\/aismv_004.jpg\" data-link=\"https:\/\/amityschools.in\/mayurvihar\/?attachment_id=24706\" class=\"wp-image-24706\" srcset=\"https:\/\/amityschools.in\/mayurvihar\/wp-content\/uploads\/2022\/07\/aismv_004.jpg 1000w, https:\/\/amityschools.in\/mayurvihar\/wp-content\/uploads\/2022\/07\/aismv_004-300x200.jpg 300w, https:\/\/amityschools.in\/mayurvihar\/wp-content\/uploads\/2022\/07\/aismv_004-768x512.jpg 768w\" sizes=\"(max-width: 1000px) 100vw, 1000px\" \/><\/a><figcaption class=\"blocks-gallery-item__caption\">The Indian students interview the Finnish students<\/figcaption><\/figure><\/li><li class=\"blocks-gallery-item\"><figure><a href=\"https:\/\/amityschools.in\/mayurvihar\/wp-content\/uploads\/2022\/07\/aismv_005.jpg\"><img loading=\"lazy\" width=\"1000\" height=\"667\" src=\"https:\/\/amityschools.in\/mayurvihar\/wp-content\/uploads\/2022\/07\/aismv_005.jpg\" alt=\"\" data-id=\"24707\" data-full-url=\"https:\/\/amityschools.in\/mayurvihar\/wp-content\/uploads\/2022\/07\/aismv_005.jpg\" data-link=\"https:\/\/amityschools.in\/mayurvihar\/?attachment_id=24707\" class=\"wp-image-24707\" srcset=\"https:\/\/amityschools.in\/mayurvihar\/wp-content\/uploads\/2022\/07\/aismv_005.jpg 1000w, https:\/\/amityschools.in\/mayurvihar\/wp-content\/uploads\/2022\/07\/aismv_005-300x200.jpg 300w, https:\/\/amityschools.in\/mayurvihar\/wp-content\/uploads\/2022\/07\/aismv_005-768x512.jpg 768w\" sizes=\"(max-width: 1000px) 100vw, 1000px\" \/><\/a><figcaption class=\"blocks-gallery-item__caption\">Finnish students and teachers listen with keen interest to their fellow mates<\/figcaption><\/figure><\/li><li class=\"blocks-gallery-item\"><figure><a href=\"https:\/\/amityschools.in\/mayurvihar\/wp-content\/uploads\/2022\/07\/aismv_006-1.jpg\"><img loading=\"lazy\" width=\"1000\" height=\"667\" src=\"https:\/\/amityschools.in\/mayurvihar\/wp-content\/uploads\/2022\/07\/aismv_006-1.jpg\" alt=\"\" data-id=\"24708\" data-full-url=\"https:\/\/amityschools.in\/mayurvihar\/wp-content\/uploads\/2022\/07\/aismv_006-1.jpg\" data-link=\"https:\/\/amityschools.in\/mayurvihar\/?attachment_id=24708\" class=\"wp-image-24708\" srcset=\"https:\/\/amityschools.in\/mayurvihar\/wp-content\/uploads\/2022\/07\/aismv_006-1.jpg 1000w, https:\/\/amityschools.in\/mayurvihar\/wp-content\/uploads\/2022\/07\/aismv_006-1-300x200.jpg 300w, https:\/\/amityschools.in\/mayurvihar\/wp-content\/uploads\/2022\/07\/aismv_006-1-768x512.jpg 768w\" sizes=\"(max-width: 1000px) 100vw, 1000px\" \/><\/a><figcaption class=\"blocks-gallery-item__caption\">Students dancing their hearts to the famous Indian dance form kathak<\/figcaption><\/figure><\/li><\/ul><\/figure>\n","protected":false},"excerpt":{"rendered":"<p>Date: December 2020-May 2021 Vriinda Sethi and Saarthak Sharma of Class XII, participated in the first ever six month long intercultural exchange programme between Amity Group of Schools, India and Schildt High School, Finland organised by Amity Educational Resource Centre to enhance the knowledge of students regarding Parliamentary systems of India and Finland.\u00a0 The programme [&hellip;]<\/p>\n","protected":false},"author":1,"featured_media":0,"parent":0,"menu_order":0,"comment_status":"closed","ping_status":"closed","template":"ExchangePrograme.php","meta":[],"acf":[],"_links":{"self":[{"href":"https:\/\/amityschools.in\/mayurvihar\/wp-json\/wp\/v2\/pages\/24702"}],"collection":[{"href":"https:\/\/amityschools.in\/mayurvihar\/wp-json\/wp\/v2\/pages"}],"about":[{"href":"https:\/\/amityschools.in\/mayurvihar\/wp-json\/wp\/v2\/types\/page"}],"author":[{"embeddable":true,"href":"https:\/\/amityschools.in\/mayurvihar\/wp-json\/wp\/v2\/users\/1"}],"replies":[{"embeddable":true,"href":"https:\/\/amityschools.in\/mayurvihar\/wp-json\/wp\/v2\/comments?post=24702"}],"version-history":[{"count":1,"href":"https:\/\/amityschools.in\/mayurvihar\/wp-json\/wp\/v2\/pages\/24702\/revisions"}],"predecessor-version":[{"id":24709,"href":"https:\/\/amityschools.in\/mayurvihar\/wp-json\/wp\/v2\/pages\/24702\/revisions\/24709"}],"wp:attachment":[{"href":"https:\/\/amityschools.in\/mayurvihar\/wp-json\/wp\/v2\/media?parent=24702"}],"curies":[{"name":"wp","href":"https:\/\/api.w.org\/{rel}","templated":true}]}}